{"id":15,"date":"2025-02-26T10:39:24","date_gmt":"2025-02-26T09:39:24","guid":{"rendered":"https:\/\/assainimax.com\/?page_id=15"},"modified":"2025-03-07T11:23:02","modified_gmt":"2025-03-07T10:23:02","slug":"la-deratisation","status":"publish","type":"page","link":"http:\/\/assainimax.com\/index.php\/la-deratisation\/","title":{"rendered":"La D\u00e9ratisation"},"content":{"rendered":"\t\t<div data-elementor-type=\"wp-page\" data-elementor-id=\"15\" class=\"elementor elementor-15\" data-elementor-post-type=\"page\">\n\t\t\t\t<div class=\"elementor-element elementor-element-e677b5d e-flex e-con-boxed e-con e-parent\" data-id=\"e677b5d\" data-element_type=\"container\">\n\t\t\t\t\t<div class=\"e-con-inner\">\n\t\t\t\t<div class=\"elementor-element elementor-element-d6ba5a3 elementor-widget elementor-widget-text-editor\" data-id=\"d6ba5a3\" data-element_type=\"widget\" data-widget_type=\"text-editor.default\">\n\t\t\t\t<div class=\"elementor-widget-container\">\n\t\t\t\t\t\t\t\t\t<p>En fonction des traces et des d\u00e9g\u00e2ts occasionn\u00e9s par les rongeurs, nous identifions le parasite pour d\u00e9terminer le type d&rsquo;app\u00e2t ou de pi\u00e9geage le plus efficace et adapt\u00e9 aux locaux et \u00e0 l&rsquo;environnement.<\/p><p>Les conditions de notre intervention r\u00e9pondent aux normes de d\u00e9ratisation ( CEPA , HACCP, ..) incluant un volet conseil sur les am\u00e9liorations structurelles susceptibles de diminuer la pression parasitaire apr\u00e8s d\u00e9ratisation.<\/p><p>Les souris, rats noirs et surmulots, comme tous les rongeurs, sont hypsodontes, c&rsquo;est \u00e0 dire que leurs incisives poussent continuellement (de 13 \u00e0 15 cm par an pour le rat noir), et pour limiter leur longueur, ils sont oblig\u00e9s de ronger sans cesse tout ce qui est \u00e0 leur port\u00e9e: c\u00e2bles \u00e9lectriques, tuyaux, emballages, bois, cuivre, mortier&#8230; cr\u00e9ant des d\u00e9g\u00e2ts consid\u00e9rables (courts circuits \u00e9lectriques, incendies, pannes de machines&#8230;)<\/p><p>Mais surtout ils transmettent de nombreuses maladies, comme la peste ou le typhus. Les morsures du rat noir ou du surmulot peuvent entrainer la fi\u00e8vre du rat.<\/p><p>V\u00e9ritables fl\u00e9aux pou l&rsquo;industrie agro alimentaire, ils polluent par leurs d\u00e9jections plus de 500g d&rsquo;aliments par jour. Le rat d\u00e9verse environ 6 \u00e0 7 litres d&rsquo;urine, d\u00e9f\u00e8que 25000 crottes, et perd environ un million de poils par an.<\/p><p>Une excellente connaissance des rongeurs (des rats en particulier d&rsquo;une intelligence reconnue) est bien souvent indispensable pour les \u00e9vincer car il faut une parfaite connaissance de leur organisation et de leurs habitudes de d\u00e9placement.<\/p><p>Une inspection minutieuse et un rep\u00e9rage des zones de circulation permettent l&rsquo;\u00e9laboration d&rsquo;un plan d&rsquo;action adapt\u00e9 au lieu a traiter et en respect de l&rsquo;environnement.<\/p>\t\t\t\t\t\t\t\t<\/div>\n\t\t\t\t<\/div>\n\t\t\t\t\t<\/div>\n\t\t\t\t<\/div>\n\t\t<div class=\"elementor-element elementor-element-8814e7f e-flex e-con-boxed e-con e-parent\" data-id=\"8814e7f\" data-element_type=\"container\">\n\t\t\t\t\t<div class=\"e-con-inner\">\n\t\t\t\t\t<\/div>\n\t\t\t\t<\/div>\n\t\t\t\t<\/div>\n\t\t","protected":false},"excerpt":{"rendered":"<p>En fonction des traces et des d\u00e9g\u00e2ts occasionn\u00e9s par les rongeurs, nous identifions le parasite pour d\u00e9terminer le type d&rsquo;app\u00e2t ou de pi\u00e9geage le plus efficace et adapt\u00e9 aux locaux et \u00e0 l&rsquo;environnement. Les conditions de notre intervention r\u00e9pondent aux normes de d\u00e9ratisation ( CEPA , HACCP, ..) incluant un volet conseil sur les am\u00e9liorations [&hellip;]<\/p>\n","protected":false},"author":1,"featured_media":0,"parent":0,"menu_order":0,"comment_status":"closed","ping_status":"closed","template":"","meta":{"ocean_post_layout":"","ocean_both_sidebars_style":"","ocean_both_sidebars_content_width":0,"ocean_both_sidebars_sidebars_width":0,"ocean_sidebar":"","ocean_second_sidebar":"","ocean_disable_margins":"enable","ocean_add_body_class":"","ocean_shortcode_before_top_bar":"","ocean_shortcode_after_top_bar":"","ocean_shortcode_before_header":"","ocean_shortcode_after_header":"","ocean_has_shortcode":"","ocean_shortcode_after_title":"","ocean_shortcode_before_footer_widgets":"","ocean_shortcode_after_footer_widgets":"","ocean_shortcode_before_footer_bottom":"","ocean_shortcode_after_footer_bottom":"","ocean_display_top_bar":"default","ocean_display_header":"default","ocean_header_style":"","ocean_center_header_left_menu":"","ocean_custom_header_template":"","ocean_custom_logo":0,"ocean_custom_retina_logo":0,"ocean_custom_logo_max_width":0,"ocean_custom_logo_tablet_max_width":0,"ocean_custom_logo_mobile_max_width":0,"ocean_custom_logo_max_height":0,"ocean_custom_logo_tablet_max_height":0,"ocean_custom_logo_mobile_max_height":0,"ocean_header_custom_menu":"","ocean_menu_typo_font_family":"","ocean_menu_typo_font_subset":"","ocean_menu_typo_font_size":0,"ocean_menu_typo_font_size_tablet":0,"ocean_menu_typo_font_size_mobile":0,"ocean_menu_typo_font_size_unit":"px","ocean_menu_typo_font_weight":"","ocean_menu_typo_font_weight_tablet":"","ocean_menu_typo_font_weight_mobile":"","ocean_menu_typo_transform":"","ocean_menu_typo_transform_tablet":"","ocean_menu_typo_transform_mobile":"","ocean_menu_typo_line_height":0,"ocean_menu_typo_line_height_tablet":0,"ocean_menu_typo_line_height_mobile":0,"ocean_menu_typo_line_height_unit":"","ocean_menu_typo_spacing":0,"ocean_menu_typo_spacing_tablet":0,"ocean_menu_typo_spacing_mobile":0,"ocean_menu_typo_spacing_unit":"","ocean_menu_link_color":"","ocean_menu_link_color_hover":"","ocean_menu_link_color_active":"","ocean_menu_link_background":"","ocean_menu_link_hover_background":"","ocean_menu_link_active_background":"","ocean_menu_social_links_bg":"","ocean_menu_social_hover_links_bg":"","ocean_menu_social_links_color":"","ocean_menu_social_hover_links_color":"","ocean_disable_title":"default","ocean_disable_heading":"default","ocean_post_title":"","ocean_post_subheading":"","ocean_post_title_style":"","ocean_post_title_background_color":"","ocean_post_title_background":0,"ocean_post_title_bg_image_position":"","ocean_post_title_bg_image_attachment":"","ocean_post_title_bg_image_repeat":"","ocean_post_title_bg_image_size":"","ocean_post_title_height":0,"ocean_post_title_bg_overlay":0.5,"ocean_post_title_bg_overlay_color":"","ocean_disable_breadcrumbs":"default","ocean_breadcrumbs_color":"","ocean_breadcrumbs_separator_color":"","ocean_breadcrumbs_links_color":"","ocean_breadcrumbs_links_hover_color":"","ocean_display_footer_widgets":"default","ocean_display_footer_bottom":"default","ocean_custom_footer_template":"","footnotes":""},"class_list":["post-15","page","type-page","status-publish","hentry","entry"],"yoast_head":"<!-- This site is optimized with the Yoast SEO plugin v26.5 - https:\/\/yoast.com\/wordpress\/plugins\/seo\/ -->\n<title>La D\u00e9ratisation - ASSAINIMAX<\/title>\n<meta name=\"robots\" content=\"index, follow, max-snippet:-1, max-image-preview:large, max-video-preview:-1\" \/>\n<link rel=\"canonical\" href=\"http:\/\/assainimax.com\/index.php\/la-deratisation\/\" \/>\n<meta property=\"og:locale\" content=\"fr_FR\" \/>\n<meta property=\"og:type\" content=\"article\" \/>\n<meta property=\"og:title\" content=\"La D\u00e9ratisation - ASSAINIMAX\" \/>\n<meta property=\"og:description\" content=\"En fonction des traces et des d\u00e9g\u00e2ts occasionn\u00e9s par les rongeurs, nous identifions le parasite pour d\u00e9terminer le type d&rsquo;app\u00e2t ou de pi\u00e9geage le plus efficace et adapt\u00e9 aux locaux et \u00e0 l&rsquo;environnement. Les conditions de notre intervention r\u00e9pondent aux normes de d\u00e9ratisation ( CEPA , HACCP, ..) incluant un volet conseil sur les am\u00e9liorations [&hellip;]\" \/>\n<meta property=\"og:url\" content=\"http:\/\/assainimax.com\/index.php\/la-deratisation\/\" \/>\n<meta property=\"og:site_name\" content=\"ASSAINIMAX\" \/>\n<meta property=\"article:modified_time\" content=\"2025-03-07T10:23:02+00:00\" \/>\n<meta name=\"twitter:card\" content=\"summary_large_image\" \/>\n<meta name=\"twitter:label1\" content=\"Dur\u00e9e de lecture estim\u00e9e\" \/>\n\t<meta name=\"twitter:data1\" content=\"2 minutes\" \/>\n<script type=\"application\/ld+json\" class=\"yoast-schema-graph\">{\"@context\":\"https:\/\/schema.org\",\"@graph\":[{\"@type\":\"WebPage\",\"@id\":\"http:\/\/assainimax.com\/index.php\/la-deratisation\/\",\"url\":\"http:\/\/assainimax.com\/index.php\/la-deratisation\/\",\"name\":\"La D\u00e9ratisation - ASSAINIMAX\",\"isPartOf\":{\"@id\":\"https:\/\/assainimax.com\/#website\"},\"datePublished\":\"2025-02-26T09:39:24+00:00\",\"dateModified\":\"2025-03-07T10:23:02+00:00\",\"breadcrumb\":{\"@id\":\"http:\/\/assainimax.com\/index.php\/la-deratisation\/#breadcrumb\"},\"inLanguage\":\"fr-FR\",\"potentialAction\":[{\"@type\":\"ReadAction\",\"target\":[\"http:\/\/assainimax.com\/index.php\/la-deratisation\/\"]}]},{\"@type\":\"BreadcrumbList\",\"@id\":\"http:\/\/assainimax.com\/index.php\/la-deratisation\/#breadcrumb\",\"itemListElement\":[{\"@type\":\"ListItem\",\"position\":1,\"name\":\"Accueil\",\"item\":\"https:\/\/assainimax.com\/\"},{\"@type\":\"ListItem\",\"position\":2,\"name\":\"La D\u00e9ratisation\"}]},{\"@type\":\"WebSite\",\"@id\":\"https:\/\/assainimax.com\/#website\",\"url\":\"https:\/\/assainimax.com\/\",\"name\":\"ASSAINIMAX\",\"description\":\"EXPERT EN MAITRISE DES NUISIBLES\",\"potentialAction\":[{\"@type\":\"SearchAction\",\"target\":{\"@type\":\"EntryPoint\",\"urlTemplate\":\"https:\/\/assainimax.com\/?s={search_term_string}\"},\"query-input\":{\"@type\":\"PropertyValueSpecification\",\"valueRequired\":true,\"valueName\":\"search_term_string\"}}],\"inLanguage\":\"fr-FR\"}]}<\/script>\n<!-- \/ Yoast SEO plugin. -->","yoast_head_json":{"title":"La D\u00e9ratisation - ASSAINIMAX","robots":{"index":"index","follow":"follow","max-snippet":"max-snippet:-1","max-image-preview":"max-image-preview:large","max-video-preview":"max-video-preview:-1"},"canonical":"http:\/\/assainimax.com\/index.php\/la-deratisation\/","og_locale":"fr_FR","og_type":"article","og_title":"La D\u00e9ratisation - ASSAINIMAX","og_description":"En fonction des traces et des d\u00e9g\u00e2ts occasionn\u00e9s par les rongeurs, nous identifions le parasite pour d\u00e9terminer le type d&rsquo;app\u00e2t ou de pi\u00e9geage le plus efficace et adapt\u00e9 aux locaux et \u00e0 l&rsquo;environnement. Les conditions de notre intervention r\u00e9pondent aux normes de d\u00e9ratisation ( CEPA , HACCP, ..) incluant un volet conseil sur les am\u00e9liorations [&hellip;]","og_url":"http:\/\/assainimax.com\/index.php\/la-deratisation\/","og_site_name":"ASSAINIMAX","article_modified_time":"2025-03-07T10:23:02+00:00","twitter_card":"summary_large_image","twitter_misc":{"Dur\u00e9e de lecture estim\u00e9e":"2 minutes"},"schema":{"@context":"https:\/\/schema.org","@graph":[{"@type":"WebPage","@id":"http:\/\/assainimax.com\/index.php\/la-deratisation\/","url":"http:\/\/assainimax.com\/index.php\/la-deratisation\/","name":"La D\u00e9ratisation - ASSAINIMAX","isPartOf":{"@id":"https:\/\/assainimax.com\/#website"},"datePublished":"2025-02-26T09:39:24+00:00","dateModified":"2025-03-07T10:23:02+00:00","breadcrumb":{"@id":"http:\/\/assainimax.com\/index.php\/la-deratisation\/#breadcrumb"},"inLanguage":"fr-FR","potentialAction":[{"@type":"ReadAction","target":["http:\/\/assainimax.com\/index.php\/la-deratisation\/"]}]},{"@type":"BreadcrumbList","@id":"http:\/\/assainimax.com\/index.php\/la-deratisation\/#breadcrumb","itemListElement":[{"@type":"ListItem","position":1,"name":"Accueil","item":"https:\/\/assainimax.com\/"},{"@type":"ListItem","position":2,"name":"La D\u00e9ratisation"}]},{"@type":"WebSite","@id":"https:\/\/assainimax.com\/#website","url":"https:\/\/assainimax.com\/","name":"ASSAINIMAX","description":"EXPERT EN MAITRISE DES NUISIBLES","potentialAction":[{"@type":"SearchAction","target":{"@type":"EntryPoint","urlTemplate":"https:\/\/assainimax.com\/?s={search_term_string}"},"query-input":{"@type":"PropertyValueSpecification","valueRequired":true,"valueName":"search_term_string"}}],"inLanguage":"fr-FR"}]}},"_links":{"self":[{"href":"http:\/\/assainimax.com\/index.php\/wp-json\/wp\/v2\/pages\/15","targetHints":{"allow":["GET"]}}],"collection":[{"href":"http:\/\/assainimax.com\/index.php\/wp-json\/wp\/v2\/pages"}],"about":[{"href":"http:\/\/assainimax.com\/index.php\/wp-json\/wp\/v2\/types\/page"}],"author":[{"embeddable":true,"href":"http:\/\/assainimax.com\/index.php\/wp-json\/wp\/v2\/users\/1"}],"replies":[{"embeddable":true,"href":"http:\/\/assainimax.com\/index.php\/wp-json\/wp\/v2\/comments?post=15"}],"version-history":[{"count":22,"href":"http:\/\/assainimax.com\/index.php\/wp-json\/wp\/v2\/pages\/15\/revisions"}],"predecessor-version":[{"id":225,"href":"http:\/\/assainimax.com\/index.php\/wp-json\/wp\/v2\/pages\/15\/revisions\/225"}],"wp:attachment":[{"href":"http:\/\/assainimax.com\/index.php\/wp-json\/wp\/v2\/media?parent=15"}],"curies":[{"name":"wp","href":"https:\/\/api.w.org\/{rel}","templated":true}]}}