{"id":17,"date":"2025-02-26T10:39:47","date_gmt":"2025-02-26T09:39:47","guid":{"rendered":"https:\/\/assainimax.com\/?page_id=17"},"modified":"2025-03-07T11:23:33","modified_gmt":"2025-03-07T10:23:33","slug":"la-desinfection","status":"publish","type":"page","link":"http:\/\/assainimax.com\/index.php\/la-desinfection\/","title":{"rendered":"La D\u00e9sinfection"},"content":{"rendered":"\t\t<div data-elementor-type=\"wp-page\" data-elementor-id=\"17\" class=\"elementor elementor-17\" data-elementor-post-type=\"page\">\n\t\t\t\t<div class=\"elementor-element elementor-element-3dcc9f5 e-flex e-con-boxed e-con e-parent\" data-id=\"3dcc9f5\" data-element_type=\"container\">\n\t\t\t\t\t<div class=\"e-con-inner\">\n\t\t\t\t<div class=\"elementor-element elementor-element-bafdc81 elementor-widget elementor-widget-text-editor\" data-id=\"bafdc81\" data-element_type=\"widget\" data-widget_type=\"text-editor.default\">\n\t\t\t\t<div class=\"elementor-widget-container\">\n\t\t\t\t\t\t\t\t\t<p>La d\u00e9sinfection des logements et locaux est une op\u00e9ration d&rsquo;\u00e9limination volontaire et momentan\u00e9e de certains germes et agents pathog\u00e8nes de mani\u00e8re \u00e0 stopper ou pr\u00e9venir une infection ind\u00e9sirable. L&rsquo;objectif est que vous puissiez profiter d&rsquo;un environnement sain, sans mettre en danger les personnes circulant dans la zone.<\/p><p>Nous intervenons dans n&rsquo;importe quel type de local : maison, appartement, local associatif, bureau, commerce, collectivit\u00e9, entreprise, &#8230;<\/p><p>Nous proc\u00e9dons \u00e0 la d\u00e9sinfection de tous les objets pr\u00e9sents : murs, fen\u00eatres, poign\u00e9es de porte, moquettes, tapis, rideaux, comptoirs, t\u00e9l\u00e9phones, &#8230; ils peuvent en effet \u00eatre vecteurs de germes. Pour cela, nous utilisons des traitements et produits adapt\u00e9s tels que des bact\u00e9ricides, des fongicides, des virucides ou des levuricides. Nous disposons de pulv\u00e9risateurs et n\u00e9buliseurs pour d\u00e9truire chaque aspect infectieux et assainir les logements et b\u00e2timents.<\/p><p>N&rsquo;h\u00e9sitez pas \u00e0 nous contacter si vous souhaitez faire appel \u00e0 nos services!<\/p>\t\t\t\t\t\t\t\t<\/div>\n\t\t\t\t<\/div>\n\t\t\t\t\t<\/div>\n\t\t\t\t<\/div>\n\t\t<div class=\"elementor-element elementor-element-b72fcb9 e-flex e-con-boxed e-con e-parent\" data-id=\"b72fcb9\" data-element_type=\"container\">\n\t\t\t\t\t<div class=\"e-con-inner\">\n\t\t\t\t\t<\/div>\n\t\t\t\t<\/div>\n\t\t\t\t<\/div>\n\t\t","protected":false},"excerpt":{"rendered":"<p>La d\u00e9sinfection des logements et locaux est une op\u00e9ration d&rsquo;\u00e9limination volontaire et momentan\u00e9e de certains germes et agents pathog\u00e8nes de mani\u00e8re \u00e0 stopper ou pr\u00e9venir une infection ind\u00e9sirable. L&rsquo;objectif est que vous puissiez profiter d&rsquo;un environnement sain, sans mettre en danger les personnes circulant dans la zone. Nous intervenons dans n&rsquo;importe quel type de local [&hellip;]<\/p>\n","protected":false},"author":1,"featured_media":0,"parent":0,"menu_order":0,"comment_status":"closed","ping_status":"closed","template":"","meta":{"ocean_post_layout":"","ocean_both_sidebars_style":"","ocean_both_sidebars_content_width":0,"ocean_both_sidebars_sidebars_width":0,"ocean_sidebar":"","ocean_second_sidebar":"","ocean_disable_margins":"enable","ocean_add_body_class":"","ocean_shortcode_before_top_bar":"","ocean_shortcode_after_top_bar":"","ocean_shortcode_before_header":"","ocean_shortcode_after_header":"","ocean_has_shortcode":"","ocean_shortcode_after_title":"","ocean_shortcode_before_footer_widgets":"","ocean_shortcode_after_footer_widgets":"","ocean_shortcode_before_footer_bottom":"","ocean_shortcode_after_footer_bottom":"","ocean_display_top_bar":"default","ocean_display_header":"default","ocean_header_style":"","ocean_center_header_left_menu":"","ocean_custom_header_template":"","ocean_custom_logo":0,"ocean_custom_retina_logo":0,"ocean_custom_logo_max_width":0,"ocean_custom_logo_tablet_max_width":0,"ocean_custom_logo_mobile_max_width":0,"ocean_custom_logo_max_height":0,"ocean_custom_logo_tablet_max_height":0,"ocean_custom_logo_mobile_max_height":0,"ocean_header_custom_menu":"","ocean_menu_typo_font_family":"","ocean_menu_typo_font_subset":"","ocean_menu_typo_font_size":0,"ocean_menu_typo_font_size_tablet":0,"ocean_menu_typo_font_size_mobile":0,"ocean_menu_typo_font_size_unit":"px","ocean_menu_typo_font_weight":"","ocean_menu_typo_font_weight_tablet":"","ocean_menu_typo_font_weight_mobile":"","ocean_menu_typo_transform":"","ocean_menu_typo_transform_tablet":"","ocean_menu_typo_transform_mobile":"","ocean_menu_typo_line_height":0,"ocean_menu_typo_line_height_tablet":0,"ocean_menu_typo_line_height_mobile":0,"ocean_menu_typo_line_height_unit":"","ocean_menu_typo_spacing":0,"ocean_menu_typo_spacing_tablet":0,"ocean_menu_typo_spacing_mobile":0,"ocean_menu_typo_spacing_unit":"","ocean_menu_link_color":"","ocean_menu_link_color_hover":"","ocean_menu_link_color_active":"","ocean_menu_link_background":"","ocean_menu_link_hover_background":"","ocean_menu_link_active_background":"","ocean_menu_social_links_bg":"","ocean_menu_social_hover_links_bg":"","ocean_menu_social_links_color":"","ocean_menu_social_hover_links_color":"","ocean_disable_title":"default","ocean_disable_heading":"default","ocean_post_title":"","ocean_post_subheading":"","ocean_post_title_style":"","ocean_post_title_background_color":"","ocean_post_title_background":0,"ocean_post_title_bg_image_position":"","ocean_post_title_bg_image_attachment":"","ocean_post_title_bg_image_repeat":"","ocean_post_title_bg_image_size":"","ocean_post_title_height":0,"ocean_post_title_bg_overlay":0.5,"ocean_post_title_bg_overlay_color":"","ocean_disable_breadcrumbs":"default","ocean_breadcrumbs_color":"","ocean_breadcrumbs_separator_color":"","ocean_breadcrumbs_links_color":"","ocean_breadcrumbs_links_hover_color":"","ocean_display_footer_widgets":"default","ocean_display_footer_bottom":"default","ocean_custom_footer_template":"","footnotes":""},"class_list":["post-17","page","type-page","status-publish","hentry","entry"],"yoast_head":"<!-- This site is optimized with the Yoast SEO plugin v26.5 - https:\/\/yoast.com\/wordpress\/plugins\/seo\/ -->\n<title>La D\u00e9sinfection - ASSAINIMAX<\/title>\n<meta name=\"robots\" content=\"index, follow, max-snippet:-1, max-image-preview:large, max-video-preview:-1\" \/>\n<link rel=\"canonical\" href=\"https:\/\/assainimax.com\/index.php\/la-desinfection\/\" \/>\n<meta property=\"og:locale\" content=\"fr_FR\" \/>\n<meta property=\"og:type\" content=\"article\" \/>\n<meta property=\"og:title\" content=\"La D\u00e9sinfection - ASSAINIMAX\" \/>\n<meta property=\"og:description\" content=\"La d\u00e9sinfection des logements et locaux est une op\u00e9ration d&rsquo;\u00e9limination volontaire et momentan\u00e9e de certains germes et agents pathog\u00e8nes de mani\u00e8re \u00e0 stopper ou pr\u00e9venir une infection ind\u00e9sirable. L&rsquo;objectif est que vous puissiez profiter d&rsquo;un environnement sain, sans mettre en danger les personnes circulant dans la zone. Nous intervenons dans n&rsquo;importe quel type de local [&hellip;]\" \/>\n<meta property=\"og:url\" content=\"https:\/\/assainimax.com\/index.php\/la-desinfection\/\" \/>\n<meta property=\"og:site_name\" content=\"ASSAINIMAX\" \/>\n<meta property=\"article:modified_time\" content=\"2025-03-07T10:23:33+00:00\" \/>\n<meta name=\"twitter:card\" content=\"summary_large_image\" \/>\n<meta name=\"twitter:label1\" content=\"Dur\u00e9e de lecture estim\u00e9e\" \/>\n\t<meta name=\"twitter:data1\" content=\"1 minute\" \/>\n<script type=\"application\/ld+json\" class=\"yoast-schema-graph\">{\"@context\":\"https:\/\/schema.org\",\"@graph\":[{\"@type\":\"WebPage\",\"@id\":\"https:\/\/assainimax.com\/index.php\/la-desinfection\/\",\"url\":\"https:\/\/assainimax.com\/index.php\/la-desinfection\/\",\"name\":\"La D\u00e9sinfection - ASSAINIMAX\",\"isPartOf\":{\"@id\":\"https:\/\/assainimax.com\/#website\"},\"datePublished\":\"2025-02-26T09:39:47+00:00\",\"dateModified\":\"2025-03-07T10:23:33+00:00\",\"breadcrumb\":{\"@id\":\"https:\/\/assainimax.com\/index.php\/la-desinfection\/#breadcrumb\"},\"inLanguage\":\"fr-FR\",\"potentialAction\":[{\"@type\":\"ReadAction\",\"target\":[\"https:\/\/assainimax.com\/index.php\/la-desinfection\/\"]}]},{\"@type\":\"BreadcrumbList\",\"@id\":\"https:\/\/assainimax.com\/index.php\/la-desinfection\/#breadcrumb\",\"itemListElement\":[{\"@type\":\"ListItem\",\"position\":1,\"name\":\"Accueil\",\"item\":\"https:\/\/assainimax.com\/\"},{\"@type\":\"ListItem\",\"position\":2,\"name\":\"La D\u00e9sinfection\"}]},{\"@type\":\"WebSite\",\"@id\":\"https:\/\/assainimax.com\/#website\",\"url\":\"https:\/\/assainimax.com\/\",\"name\":\"ASSAINIMAX\",\"description\":\"EXPERT EN MAITRISE DES NUISIBLES\",\"potentialAction\":[{\"@type\":\"SearchAction\",\"target\":{\"@type\":\"EntryPoint\",\"urlTemplate\":\"https:\/\/assainimax.com\/?s={search_term_string}\"},\"query-input\":{\"@type\":\"PropertyValueSpecification\",\"valueRequired\":true,\"valueName\":\"search_term_string\"}}],\"inLanguage\":\"fr-FR\"}]}<\/script>\n<!-- \/ Yoast SEO plugin. -->","yoast_head_json":{"title":"La D\u00e9sinfection - ASSAINIMAX","robots":{"index":"index","follow":"follow","max-snippet":"max-snippet:-1","max-image-preview":"max-image-preview:large","max-video-preview":"max-video-preview:-1"},"canonical":"https:\/\/assainimax.com\/index.php\/la-desinfection\/","og_locale":"fr_FR","og_type":"article","og_title":"La D\u00e9sinfection - ASSAINIMAX","og_description":"La d\u00e9sinfection des logements et locaux est une op\u00e9ration d&rsquo;\u00e9limination volontaire et momentan\u00e9e de certains germes et agents pathog\u00e8nes de mani\u00e8re \u00e0 stopper ou pr\u00e9venir une infection ind\u00e9sirable. L&rsquo;objectif est que vous puissiez profiter d&rsquo;un environnement sain, sans mettre en danger les personnes circulant dans la zone. Nous intervenons dans n&rsquo;importe quel type de local [&hellip;]","og_url":"https:\/\/assainimax.com\/index.php\/la-desinfection\/","og_site_name":"ASSAINIMAX","article_modified_time":"2025-03-07T10:23:33+00:00","twitter_card":"summary_large_image","twitter_misc":{"Dur\u00e9e de lecture estim\u00e9e":"1 minute"},"schema":{"@context":"https:\/\/schema.org","@graph":[{"@type":"WebPage","@id":"https:\/\/assainimax.com\/index.php\/la-desinfection\/","url":"https:\/\/assainimax.com\/index.php\/la-desinfection\/","name":"La D\u00e9sinfection - ASSAINIMAX","isPartOf":{"@id":"https:\/\/assainimax.com\/#website"},"datePublished":"2025-02-26T09:39:47+00:00","dateModified":"2025-03-07T10:23:33+00:00","breadcrumb":{"@id":"https:\/\/assainimax.com\/index.php\/la-desinfection\/#breadcrumb"},"inLanguage":"fr-FR","potentialAction":[{"@type":"ReadAction","target":["https:\/\/assainimax.com\/index.php\/la-desinfection\/"]}]},{"@type":"BreadcrumbList","@id":"https:\/\/assainimax.com\/index.php\/la-desinfection\/#breadcrumb","itemListElement":[{"@type":"ListItem","position":1,"name":"Accueil","item":"https:\/\/assainimax.com\/"},{"@type":"ListItem","position":2,"name":"La D\u00e9sinfection"}]},{"@type":"WebSite","@id":"https:\/\/assainimax.com\/#website","url":"https:\/\/assainimax.com\/","name":"ASSAINIMAX","description":"EXPERT EN MAITRISE DES NUISIBLES","potentialAction":[{"@type":"SearchAction","target":{"@type":"EntryPoint","urlTemplate":"https:\/\/assainimax.com\/?s={search_term_string}"},"query-input":{"@type":"PropertyValueSpecification","valueRequired":true,"valueName":"search_term_string"}}],"inLanguage":"fr-FR"}]}},"_links":{"self":[{"href":"http:\/\/assainimax.com\/index.php\/wp-json\/wp\/v2\/pages\/17","targetHints":{"allow":["GET"]}}],"collection":[{"href":"http:\/\/assainimax.com\/index.php\/wp-json\/wp\/v2\/pages"}],"about":[{"href":"http:\/\/assainimax.com\/index.php\/wp-json\/wp\/v2\/types\/page"}],"author":[{"embeddable":true,"href":"http:\/\/assainimax.com\/index.php\/wp-json\/wp\/v2\/users\/1"}],"replies":[{"embeddable":true,"href":"http:\/\/assainimax.com\/index.php\/wp-json\/wp\/v2\/comments?post=17"}],"version-history":[{"count":10,"href":"http:\/\/assainimax.com\/index.php\/wp-json\/wp\/v2\/pages\/17\/revisions"}],"predecessor-version":[{"id":228,"href":"http:\/\/assainimax.com\/index.php\/wp-json\/wp\/v2\/pages\/17\/revisions\/228"}],"wp:attachment":[{"href":"http:\/\/assainimax.com\/index.php\/wp-json\/wp\/v2\/media?parent=17"}],"curies":[{"name":"wp","href":"https:\/\/api.w.org\/{rel}","templated":true}]}}