{"id":13,"date":"2025-02-26T10:39:06","date_gmt":"2025-02-26T09:39:06","guid":{"rendered":"https:\/\/assainimax.com\/?page_id=13"},"modified":"2025-12-09T20:53:39","modified_gmt":"2025-12-09T19:53:39","slug":"la-desinsectisation","status":"publish","type":"page","link":"https:\/\/assainimax.com\/index.php\/la-desinsectisation\/","title":{"rendered":"La D\u00e9sinsectisation"},"content":{"rendered":"\t\t<div data-elementor-type=\"wp-page\" data-elementor-id=\"13\" class=\"elementor elementor-13\" data-elementor-post-type=\"page\">\n\t\t\t\t<div class=\"elementor-element elementor-element-ea5edf2 e-flex e-con-boxed e-con e-parent\" data-id=\"ea5edf2\" data-element_type=\"container\">\n\t\t\t\t\t<div class=\"e-con-inner\">\n\t\t\t\t<div class=\"elementor-element elementor-element-848feb3 elementor-widget elementor-widget-text-editor\" data-id=\"848feb3\" data-element_type=\"widget\" data-widget_type=\"text-editor.default\">\n\t\t\t\t<div class=\"elementor-widget-container\">\n\t\t\t\t\t\t\t\t\t<p>La d\u00e9sinsectisation vise \u00e0 \u00e9radiquer toute invasion de gu\u00eapes, frelons, mouches, moucherons, fourmis, blattes, puces, punaises de lits, chenilles processionnaires, et tous insectes volants ou rampants susceptibles de transmettre des pathog\u00e8nes ou de faire des d\u00e9g\u00e2ts structurel ou alimentaire.<\/p><p>Cafards, gu\u00eapes, blattes, frelons, fourmis, araign\u00e9es, punaises de lit, &#8230; votre logement ou votre entreprise est infest\u00e9 par des insectes \u00e0 Carpentras, Orange, Avignon, Apt, Cavaillon,&#8230; ou dans une ville \u00e0 proximit\u00e9? Assainimax est sp\u00e9cialis\u00e9e, \u00e9quip\u00e9e et agr\u00e9\u00e9e pour r\u00e9aliser des interventions de d\u00e9sinsectisation.<\/p><p>Une Excellente connaissance en entomologie est les plus souvent n\u00e9cessaire pour connaitre les habitudes alimentaires de vie et de d\u00e9placement des insectes, afin de d\u00e9terminer et d&rsquo;appliquer les bonnes mol\u00e9cules de mani\u00e8re r\u00e9fl\u00e9chie et strat\u00e9gique en fonction notamment du ravageur cibl\u00e9 des occupants du lieux de traitement et de l&rsquo;environnement.<\/p><p>La d\u00e9sinsectisation, comme les autres missions d&rsquo;Assainimax, n\u00e9cessite des comp\u00e9tences et des \u00e9quipements tr\u00e8s professionnels, afin d&rsquo;apporter des solutions radicales, durables et conformes \u00e0 la l\u00e9gislation et aux normes sanitaires actuelles.<\/p><p>Les insectes pollinisateurs (abeilles, les bourdons, les plus connus du grand public mais bien d&rsquo;autres encore) sont d&rsquo;une indispensable utilit\u00e9.<\/p><p>Ils seront enlev\u00e9s vivants et prot\u00e9g\u00e9s par nos soins gr\u00e2ce \u00e0 nos grandes connaissances apicoles.<\/p><p>Notre action de lutte contre les insectes s&rsquo;\u00e9tend sur toutes les esp\u00e8ces connues d&rsquo;insectes qu&rsquo;ils soient volants ou rampants: Cafards, Blattes, Puces, Punaises de lit, Gu\u00eapes, Frelons, Moustiques, Fourmis, Araign\u00e9es, Mouches.<\/p><p>Porteurs de maladie et d&rsquo;agents pathog\u00e8nes, la plupart de ces insectes repr\u00e9sentent une menace directe sur la sant\u00e9 et pourraient endommager vos installations voire les rendre inutilisables. Nous pouvons vous en d\u00e9barrasser par l&#8217;emploi de produits homologu\u00e9s et de techniques appropri\u00e9es. Nous poss\u00e9dons toutes les comp\u00e9tences requises et des \u00e9quipements tr\u00e8s performants pour traiter efficacement l&rsquo;invasion d&rsquo;insectes et parasites. Nous vous promettons des interventions rapides et efficaces. Notre savoir-faire nous permet de nous adapter \u00e0 toutes les situations, qu&rsquo;il s&rsquo;agisse de lieux d&rsquo;habitation, locaux commerciaux ou locaux professionnels.<\/p><p>Un conseil? Des questions?<\/p><p>N&rsquo;h\u00e9sitez pas \u00e0 nous contacter, nous sommes \u00e0 votre \u00e9coute et nous ferons un plaisir de vous aider.\u00a0<\/p>\t\t\t\t\t\t\t\t<\/div>\n\t\t\t\t<\/div>\n\t\t\t\t\t<\/div>\n\t\t\t\t<\/div>\n\t\t\t\t<\/div>\n\t\t","protected":false},"excerpt":{"rendered":"<p>La d\u00e9sinsectisation vise \u00e0 \u00e9radiquer toute invasion de gu\u00eapes, frelons, mouches, moucherons, fourmis, blattes, puces, punaises de lits, chenilles processionnaires, et tous insectes volants ou rampants susceptibles de transmettre des pathog\u00e8nes ou de faire des d\u00e9g\u00e2ts structurel ou alimentaire. Cafards, gu\u00eapes, blattes, frelons, fourmis, araign\u00e9es, punaises de lit, &#8230; votre logement ou votre entreprise est [&hellip;]<\/p>\n","protected":false},"author":1,"featured_media":0,"parent":0,"menu_order":0,"comment_status":"closed","ping_status":"closed","template":"","meta":{"ocean_post_layout":"","ocean_both_sidebars_style":"","ocean_both_sidebars_content_width":0,"ocean_both_sidebars_sidebars_width":0,"ocean_sidebar":"","ocean_second_sidebar":"","ocean_disable_margins":"enable","ocean_add_body_class":"","ocean_shortcode_before_top_bar":"","ocean_shortcode_after_top_bar":"","ocean_shortcode_before_header":"","ocean_shortcode_after_header":"","ocean_has_shortcode":"","ocean_shortcode_after_title":"","ocean_shortcode_before_footer_widgets":"","ocean_shortcode_after_footer_widgets":"","ocean_shortcode_before_footer_bottom":"","ocean_shortcode_after_footer_bottom":"","ocean_display_top_bar":"default","ocean_display_header":"default","ocean_header_style":"","ocean_center_header_left_menu":"","ocean_custom_header_template":"","ocean_custom_logo":0,"ocean_custom_retina_logo":0,"ocean_custom_logo_max_width":0,"ocean_custom_logo_tablet_max_width":0,"ocean_custom_logo_mobile_max_width":0,"ocean_custom_logo_max_height":0,"ocean_custom_logo_tablet_max_height":0,"ocean_custom_logo_mobile_max_height":0,"ocean_header_custom_menu":"","ocean_menu_typo_font_family":"","ocean_menu_typo_font_subset":"","ocean_menu_typo_font_size":0,"ocean_menu_typo_font_size_tablet":0,"ocean_menu_typo_font_size_mobile":0,"ocean_menu_typo_font_size_unit":"px","ocean_menu_typo_font_weight":"","ocean_menu_typo_font_weight_tablet":"","ocean_menu_typo_font_weight_mobile":"","ocean_menu_typo_transform":"","ocean_menu_typo_transform_tablet":"","ocean_menu_typo_transform_mobile":"","ocean_menu_typo_line_height":0,"ocean_menu_typo_line_height_tablet":0,"ocean_menu_typo_line_height_mobile":0,"ocean_menu_typo_line_height_unit":"","ocean_menu_typo_spacing":0,"ocean_menu_typo_spacing_tablet":0,"ocean_menu_typo_spacing_mobile":0,"ocean_menu_typo_spacing_unit":"","ocean_menu_link_color":"","ocean_menu_link_color_hover":"","ocean_menu_link_color_active":"","ocean_menu_link_background":"","ocean_menu_link_hover_background":"","ocean_menu_link_active_background":"","ocean_menu_social_links_bg":"","ocean_menu_social_hover_links_bg":"","ocean_menu_social_links_color":"","ocean_menu_social_hover_links_color":"","ocean_disable_title":"default","ocean_disable_heading":"default","ocean_post_title":"","ocean_post_subheading":"","ocean_post_title_style":"","ocean_post_title_background_color":"","ocean_post_title_background":0,"ocean_post_title_bg_image_position":"","ocean_post_title_bg_image_attachment":"","ocean_post_title_bg_image_repeat":"","ocean_post_title_bg_image_size":"","ocean_post_title_height":0,"ocean_post_title_bg_overlay":0.5,"ocean_post_title_bg_overlay_color":"","ocean_disable_breadcrumbs":"default","ocean_breadcrumbs_color":"","ocean_breadcrumbs_separator_color":"","ocean_breadcrumbs_links_color":"","ocean_breadcrumbs_links_hover_color":"","ocean_display_footer_widgets":"default","ocean_display_footer_bottom":"default","ocean_custom_footer_template":"","footnotes":""},"class_list":["post-13","page","type-page","status-publish","hentry","entry"],"yoast_head":"<!-- This site is optimized with the Yoast SEO plugin v26.5 - https:\/\/yoast.com\/wordpress\/plugins\/seo\/ -->\n<title>La D\u00e9sinsectisation - ASSAINIMAX<\/title>\n<meta name=\"robots\" content=\"index, follow, max-snippet:-1, max-image-preview:large, max-video-preview:-1\" \/>\n<link rel=\"canonical\" href=\"http:\/\/assainimax.com\/index.php\/la-desinsectisation\/\" \/>\n<meta property=\"og:locale\" content=\"fr_FR\" \/>\n<meta property=\"og:type\" content=\"article\" \/>\n<meta property=\"og:title\" content=\"La D\u00e9sinsectisation - ASSAINIMAX\" \/>\n<meta property=\"og:description\" content=\"La d\u00e9sinsectisation vise \u00e0 \u00e9radiquer toute invasion de gu\u00eapes, frelons, mouches, moucherons, fourmis, blattes, puces, punaises de lits, chenilles processionnaires, et tous insectes volants ou rampants susceptibles de transmettre des pathog\u00e8nes ou de faire des d\u00e9g\u00e2ts structurel ou alimentaire. Cafards, gu\u00eapes, blattes, frelons, fourmis, araign\u00e9es, punaises de lit, &#8230; votre logement ou votre entreprise est [&hellip;]\" \/>\n<meta property=\"og:url\" content=\"http:\/\/assainimax.com\/index.php\/la-desinsectisation\/\" \/>\n<meta property=\"og:site_name\" content=\"ASSAINIMAX\" \/>\n<meta property=\"article:modified_time\" content=\"2025-12-09T19:53:39+00:00\" \/>\n<meta name=\"twitter:card\" content=\"summary_large_image\" \/>\n<meta name=\"twitter:label1\" content=\"Dur\u00e9e de lecture estim\u00e9e\" \/>\n\t<meta name=\"twitter:data1\" content=\"2 minutes\" \/>\n<script type=\"application\/ld+json\" class=\"yoast-schema-graph\">{\"@context\":\"https:\/\/schema.org\",\"@graph\":[{\"@type\":\"WebPage\",\"@id\":\"http:\/\/assainimax.com\/index.php\/la-desinsectisation\/\",\"url\":\"http:\/\/assainimax.com\/index.php\/la-desinsectisation\/\",\"name\":\"La D\u00e9sinsectisation - ASSAINIMAX\",\"isPartOf\":{\"@id\":\"https:\/\/assainimax.com\/#website\"},\"datePublished\":\"2025-02-26T09:39:06+00:00\",\"dateModified\":\"2025-12-09T19:53:39+00:00\",\"breadcrumb\":{\"@id\":\"http:\/\/assainimax.com\/index.php\/la-desinsectisation\/#breadcrumb\"},\"inLanguage\":\"fr-FR\",\"potentialAction\":[{\"@type\":\"ReadAction\",\"target\":[\"http:\/\/assainimax.com\/index.php\/la-desinsectisation\/\"]}]},{\"@type\":\"BreadcrumbList\",\"@id\":\"http:\/\/assainimax.com\/index.php\/la-desinsectisation\/#breadcrumb\",\"itemListElement\":[{\"@type\":\"ListItem\",\"position\":1,\"name\":\"Accueil\",\"item\":\"https:\/\/assainimax.com\/\"},{\"@type\":\"ListItem\",\"position\":2,\"name\":\"La D\u00e9sinsectisation\"}]},{\"@type\":\"WebSite\",\"@id\":\"https:\/\/assainimax.com\/#website\",\"url\":\"https:\/\/assainimax.com\/\",\"name\":\"ASSAINIMAX\",\"description\":\"EXPERT EN MAITRISE DES NUISIBLES\",\"potentialAction\":[{\"@type\":\"SearchAction\",\"target\":{\"@type\":\"EntryPoint\",\"urlTemplate\":\"https:\/\/assainimax.com\/?s={search_term_string}\"},\"query-input\":{\"@type\":\"PropertyValueSpecification\",\"valueRequired\":true,\"valueName\":\"search_term_string\"}}],\"inLanguage\":\"fr-FR\"}]}<\/script>\n<!-- \/ Yoast SEO plugin. -->","yoast_head_json":{"title":"La D\u00e9sinsectisation - ASSAINIMAX","robots":{"index":"index","follow":"follow","max-snippet":"max-snippet:-1","max-image-preview":"max-image-preview:large","max-video-preview":"max-video-preview:-1"},"canonical":"http:\/\/assainimax.com\/index.php\/la-desinsectisation\/","og_locale":"fr_FR","og_type":"article","og_title":"La D\u00e9sinsectisation - ASSAINIMAX","og_description":"La d\u00e9sinsectisation vise \u00e0 \u00e9radiquer toute invasion de gu\u00eapes, frelons, mouches, moucherons, fourmis, blattes, puces, punaises de lits, chenilles processionnaires, et tous insectes volants ou rampants susceptibles de transmettre des pathog\u00e8nes ou de faire des d\u00e9g\u00e2ts structurel ou alimentaire. Cafards, gu\u00eapes, blattes, frelons, fourmis, araign\u00e9es, punaises de lit, &#8230; votre logement ou votre entreprise est [&hellip;]","og_url":"http:\/\/assainimax.com\/index.php\/la-desinsectisation\/","og_site_name":"ASSAINIMAX","article_modified_time":"2025-12-09T19:53:39+00:00","twitter_card":"summary_large_image","twitter_misc":{"Dur\u00e9e de lecture estim\u00e9e":"2 minutes"},"schema":{"@context":"https:\/\/schema.org","@graph":[{"@type":"WebPage","@id":"http:\/\/assainimax.com\/index.php\/la-desinsectisation\/","url":"http:\/\/assainimax.com\/index.php\/la-desinsectisation\/","name":"La D\u00e9sinsectisation - ASSAINIMAX","isPartOf":{"@id":"https:\/\/assainimax.com\/#website"},"datePublished":"2025-02-26T09:39:06+00:00","dateModified":"2025-12-09T19:53:39+00:00","breadcrumb":{"@id":"http:\/\/assainimax.com\/index.php\/la-desinsectisation\/#breadcrumb"},"inLanguage":"fr-FR","potentialAction":[{"@type":"ReadAction","target":["http:\/\/assainimax.com\/index.php\/la-desinsectisation\/"]}]},{"@type":"BreadcrumbList","@id":"http:\/\/assainimax.com\/index.php\/la-desinsectisation\/#breadcrumb","itemListElement":[{"@type":"ListItem","position":1,"name":"Accueil","item":"https:\/\/assainimax.com\/"},{"@type":"ListItem","position":2,"name":"La D\u00e9sinsectisation"}]},{"@type":"WebSite","@id":"https:\/\/assainimax.com\/#website","url":"https:\/\/assainimax.com\/","name":"ASSAINIMAX","description":"EXPERT EN MAITRISE DES NUISIBLES","potentialAction":[{"@type":"SearchAction","target":{"@type":"EntryPoint","urlTemplate":"https:\/\/assainimax.com\/?s={search_term_string}"},"query-input":{"@type":"PropertyValueSpecification","valueRequired":true,"valueName":"search_term_string"}}],"inLanguage":"fr-FR"}]}},"_links":{"self":[{"href":"https:\/\/assainimax.com\/index.php\/wp-json\/wp\/v2\/pages\/13","targetHints":{"allow":["GET"]}}],"collection":[{"href":"https:\/\/assainimax.com\/index.php\/wp-json\/wp\/v2\/pages"}],"about":[{"href":"https:\/\/assainimax.com\/index.php\/wp-json\/wp\/v2\/types\/page"}],"author":[{"embeddable":true,"href":"https:\/\/assainimax.com\/index.php\/wp-json\/wp\/v2\/users\/1"}],"replies":[{"embeddable":true,"href":"https:\/\/assainimax.com\/index.php\/wp-json\/wp\/v2\/comments?post=13"}],"version-history":[{"count":16,"href":"https:\/\/assainimax.com\/index.php\/wp-json\/wp\/v2\/pages\/13\/revisions"}],"predecessor-version":[{"id":231,"href":"https:\/\/assainimax.com\/index.php\/wp-json\/wp\/v2\/pages\/13\/revisions\/231"}],"wp:attachment":[{"href":"https:\/\/assainimax.com\/index.php\/wp-json\/wp\/v2\/media?parent=13"}],"curies":[{"name":"wp","href":"https:\/\/api.w.org\/{rel}","templated":true}]}}