{"id":48,"date":"2025-02-26T12:17:23","date_gmt":"2025-02-26T11:17:23","guid":{"rendered":"https:\/\/assainimax.com\/?page_id=48"},"modified":"2025-12-09T20:56:31","modified_gmt":"2025-12-09T19:56:31","slug":"la-societe","status":"publish","type":"page","link":"https:\/\/assainimax.com\/","title":{"rendered":"La soci\u00e9t\u00e9 Assainimax"},"content":{"rendered":"\t\t<div data-elementor-type=\"wp-page\" data-elementor-id=\"48\" class=\"elementor elementor-48\" data-elementor-post-type=\"page\">\n\t\t\t\t<div class=\"elementor-element elementor-element-c99e954 e-flex e-con-boxed e-con e-parent\" data-id=\"c99e954\" data-element_type=\"container\">\n\t\t\t\t\t<div class=\"e-con-inner\">\n\t\t\t\t<div class=\"elementor-element elementor-element-17bb8e5 elementor-widget elementor-widget-text-editor\" data-id=\"17bb8e5\" data-element_type=\"widget\" data-widget_type=\"text-editor.default\">\n\t\t\t\t<div class=\"elementor-widget-container\">\n\t\t\t\t\t\t\t\t\t<p><b>La soci\u00e9t\u00e9 ASSAINIMAX cr\u00e9\u00e9e en 2005 par M. Labrosse est install\u00e9e sur Carpentras et vous propose ses services dans la gestion et le traitement des nuisibles et micro-organismes nuisibles. ASSAINIMAX intervient chez les particuliers ainsi que les professionnels en respectant vos normes de qualit\u00e9 (IFS, HACCP, BIO, &#8230;) et de s\u00e9curit\u00e9.<\/b><\/p><p>Gr\u00e2ce \u00e0 notre exp\u00e9rience et notre savoir faire, nous saurons <b>identifier et maitriser<\/b> les nuisibles qui contrarient votre quotidien et vous <b>proposer des conseils <\/b>afin que les nuisances ne se reproduisent pas.<\/p><p>Disponible sur <b>Carpentras, Avignon, Cavaillon, Orange, Apt, Boll\u00e8ne, Nyons, Vaison la romaine, Gordes, B\u00e9doin, Saint R\u00e9my de Provence, Chateaurenard<\/b>, nous sommes r\u00e9actifs, efficaces, professionnels et tr\u00e8s discrets concernant nos prestations.<\/p><p>L&rsquo;ensemble de nos prestations sont effectu\u00e9es dans une d\u00e9marche respectueuse de l&rsquo;environnement et de la l\u00e9gislation en vigueur. la soci\u00e9t\u00e9 est <b>certifi\u00e9e CEPA depuis 2024 et est adh\u00e9rente \u00e0 la chambre syndicale professionnelle PROSANE<\/b> gage d&rsquo;une charte qualit\u00e9.<\/p><p>Un client Satisfait est l&rsquo;exigence d&rsquo;ASSAINIMAX!<\/p><p>Que vous soyez un particulier, un professionnel, une collectivit\u00e9, un syndic de copropri\u00e9t\u00e9, nous vous garantissons un r\u00e9sultat \u00e0 la hauteur de vos exigences.<\/p><p><strong>Nos Points Forts:<\/strong><\/p><p>&#8211; M\u00e9thode de <b>lutte pr\u00e9ventive et alternative<\/b> limitant l&rsquo;usage de produits nocifs pour l&rsquo;Homme, les animaux domestiques et sauvages et l&rsquo;environnement.<\/p><p>&#8211; La garantie d&rsquo;un travail bien r\u00e9alis\u00e9 gr\u00e2ce \u00e0 <b>notre savoir faire et notre exp\u00e9rience.<\/b><\/p><p>&#8211; Adaptation de la solution technique \u00e0 chaque situation (mat\u00e9riel sp\u00e9cifique et large gamme de produits professionnels).<\/p><p>&#8211; Une grande disponibilit\u00e9 et une grande r\u00e9activit\u00e9.<\/p><p>&#8211; Un respect de l&rsquo;environnement avec l&rsquo;utilisation de techniques de lutte alternative.<\/p><p>&#8211; Une gestion de nos d\u00e9chets dans des fili\u00e8res sp\u00e9cifiques (emballages souill\u00e9s, EPI souill\u00e9s, rongeurs morts r\u00e9cup\u00e9r\u00e9s, etc..)<\/p><p>&#8211; Une soci\u00e9t\u00e9 assur\u00e9e pour l&rsquo;exercice de cette activit\u00e9.<\/p><p>&#8211; Un applicateur Titulaire d&rsquo;un <b>CERTIBIOCIDE<\/b> \u00e0 jour pour l&rsquo;usage et l&rsquo;application de produits professionnels.<\/p><p>&#8211; Une soci\u00e9t\u00e9 <b>certifi\u00e9e CEPA<\/b> respectant la norme NF EN 16636.<\/p><p>&#8211; Une soci\u00e9t\u00e9 <b>adh\u00e9rente \u00e0 la Chambre Syndicale Professionnelle PROSANE<\/b> (ex CS3D)<\/p>\t\t\t\t\t\t\t\t<\/div>\n\t\t\t\t<\/div>\n\t\t\t\t\t<\/div>\n\t\t\t\t<\/div>\n\t\t<div class=\"elementor-element elementor-element-eae1c8d e-grid e-con-boxed e-con e-parent\" data-id=\"eae1c8d\" data-element_type=\"container\">\n\t\t\t\t\t<div class=\"e-con-inner\">\n\t\t\t\t<div class=\"elementor-element elementor-element-7175aa5 elementor-widget elementor-widget-image\" data-id=\"7175aa5\" data-element_type=\"widget\" data-widget_type=\"image.default\">\n\t\t\t\t<div class=\"elementor-widget-container\">\n\t\t\t\t\t\t\t\t\t\t\t\t\t\t\t<img decoding=\"async\" width=\"150\" height=\"150\" src=\"http:\/\/assainimax.com\/wp-content\/uploads\/2025\/02\/cs3d-150x150.png\" class=\"attachment-thumbnail size-thumbnail wp-image-83\" alt=\"\" srcset=\"http:\/\/assainimax.com\/wp-content\/uploads\/2025\/02\/cs3d-150x150.png 150w, http:\/\/assainimax.com\/wp-content\/uploads\/2025\/02\/cs3d-300x300.png 300w, http:\/\/assainimax.com\/wp-content\/uploads\/2025\/02\/elementor\/thumbs\/cs3d-r22rz71c2mwy74yk3cxy9kih0h4awt77dz9zjqmgdw.png 50w, http:\/\/assainimax.com\/wp-content\/uploads\/2025\/02\/elementor\/thumbs\/cs3d-r22rz71cokb6051fatdjblxnj5848ot2bvkkmfv2eg.png 100w, http:\/\/assainimax.com\/wp-content\/uploads\/2025\/02\/cs3d.png 337w\" sizes=\"(max-width: 150px) 100vw, 150px\" \/>\t\t\t\t\t\t\t\t\t\t\t\t\t\t\t<\/div>\n\t\t\t\t<\/div>\n\t\t\t\t<div class=\"elementor-element elementor-element-20fed68 elementor-widget elementor-widget-image\" data-id=\"20fed68\" data-element_type=\"widget\" data-widget_type=\"image.default\">\n\t\t\t\t<div class=\"elementor-widget-container\">\n\t\t\t\t\t\t\t\t\t\t\t\t\t\t\t<img decoding=\"async\" width=\"150\" height=\"150\" src=\"http:\/\/assainimax.com\/wp-content\/uploads\/2025\/02\/CEPA-Certified-Logo-Square-500-150x150.jpg\" class=\"attachment-thumbnail size-thumbnail wp-image-85\" alt=\"\" srcset=\"http:\/\/assainimax.com\/wp-content\/uploads\/2025\/02\/CEPA-Certified-Logo-Square-500-150x150.jpg 150w, http:\/\/assainimax.com\/wp-content\/uploads\/2025\/02\/elementor\/thumbs\/CEPA-Certified-Logo-Square-500-r22s22flkc8ph8v8j22hxvucvj2hre7je3bzevlre0.jpg 100w\" sizes=\"(max-width: 150px) 100vw, 150px\" \/>\t\t\t\t\t\t\t\t\t\t\t\t\t\t\t<\/div>\n\t\t\t\t<\/div>\n\t\t\t\t<div class=\"elementor-element elementor-element-2477839 elementor-widget elementor-widget-image\" data-id=\"2477839\" data-element_type=\"widget\" data-widget_type=\"image.default\">\n\t\t\t\t<div class=\"elementor-widget-container\">\n\t\t\t\t\t\t\t\t\t\t\t\t\t\t\t<img decoding=\"async\" width=\"300\" height=\"105\" src=\"http:\/\/assainimax.com\/wp-content\/uploads\/2025\/02\/certibiocide-300x105.png\" class=\"attachment-medium size-medium wp-image-86\" alt=\"\" srcset=\"http:\/\/assainimax.com\/wp-content\/uploads\/2025\/02\/certibiocide-300x105.png 300w, http:\/\/assainimax.com\/wp-content\/uploads\/2025\/02\/certibiocide.png 766w\" sizes=\"(max-width: 300px) 100vw, 300px\" \/>\t\t\t\t\t\t\t\t\t\t\t\t\t\t\t<\/div>\n\t\t\t\t<\/div>\n\t\t\t\t\t<\/div>\n\t\t\t\t<\/div>\n\t\t\t\t<\/div>\n\t\t","protected":false},"excerpt":{"rendered":"<p>La soci\u00e9t\u00e9 ASSAINIMAX cr\u00e9\u00e9e en 2005 par M. Labrosse est install\u00e9e sur Carpentras et vous propose ses services dans la gestion et le traitement des nuisibles et micro-organismes nuisibles. ASSAINIMAX intervient chez les particuliers ainsi que les professionnels en respectant vos normes de qualit\u00e9 (IFS, HACCP, BIO, &#8230;) et de s\u00e9curit\u00e9. Gr\u00e2ce \u00e0 notre exp\u00e9rience [&hellip;]<\/p>\n","protected":false},"author":1,"featured_media":0,"parent":0,"menu_order":0,"comment_status":"closed","ping_status":"closed","template":"","meta":{"ocean_post_layout":"","ocean_both_sidebars_style":"","ocean_both_sidebars_content_width":0,"ocean_both_sidebars_sidebars_width":0,"ocean_sidebar":"","ocean_second_sidebar":"","ocean_disable_margins":"enable","ocean_add_body_class":"","ocean_shortcode_before_top_bar":"","ocean_shortcode_after_top_bar":"","ocean_shortcode_before_header":"","ocean_shortcode_after_header":"","ocean_has_shortcode":"","ocean_shortcode_after_title":"","ocean_shortcode_before_footer_widgets":"","ocean_shortcode_after_footer_widgets":"","ocean_shortcode_before_footer_bottom":"","ocean_shortcode_after_footer_bottom":"","ocean_display_top_bar":"default","ocean_display_header":"default","ocean_header_style":"","ocean_center_header_left_menu":"","ocean_custom_header_template":"","ocean_custom_logo":0,"ocean_custom_retina_logo":0,"ocean_custom_logo_max_width":0,"ocean_custom_logo_tablet_max_width":0,"ocean_custom_logo_mobile_max_width":0,"ocean_custom_logo_max_height":0,"ocean_custom_logo_tablet_max_height":0,"ocean_custom_logo_mobile_max_height":0,"ocean_header_custom_menu":"","ocean_menu_typo_font_family":"","ocean_menu_typo_font_subset":"","ocean_menu_typo_font_size":0,"ocean_menu_typo_font_size_tablet":0,"ocean_menu_typo_font_size_mobile":0,"ocean_menu_typo_font_size_unit":"px","ocean_menu_typo_font_weight":"","ocean_menu_typo_font_weight_tablet":"","ocean_menu_typo_font_weight_mobile":"","ocean_menu_typo_transform":"","ocean_menu_typo_transform_tablet":"","ocean_menu_typo_transform_mobile":"","ocean_menu_typo_line_height":0,"ocean_menu_typo_line_height_tablet":0,"ocean_menu_typo_line_height_mobile":0,"ocean_menu_typo_line_height_unit":"","ocean_menu_typo_spacing":0,"ocean_menu_typo_spacing_tablet":0,"ocean_menu_typo_spacing_mobile":0,"ocean_menu_typo_spacing_unit":"","ocean_menu_link_color":"","ocean_menu_link_color_hover":"","ocean_menu_link_color_active":"","ocean_menu_link_background":"","ocean_menu_link_hover_background":"","ocean_menu_link_active_background":"","ocean_menu_social_links_bg":"","ocean_menu_social_hover_links_bg":"","ocean_menu_social_links_color":"","ocean_menu_social_hover_links_color":"","ocean_disable_title":"default","ocean_disable_heading":"default","ocean_post_title":"","ocean_post_subheading":"","ocean_post_title_style":"","ocean_post_title_background_color":"","ocean_post_title_background":0,"ocean_post_title_bg_image_position":"","ocean_post_title_bg_image_attachment":"","ocean_post_title_bg_image_repeat":"","ocean_post_title_bg_image_size":"","ocean_post_title_height":0,"ocean_post_title_bg_overlay":0.5,"ocean_post_title_bg_overlay_color":"","ocean_disable_breadcrumbs":"default","ocean_breadcrumbs_color":"","ocean_breadcrumbs_separator_color":"","ocean_breadcrumbs_links_color":"","ocean_breadcrumbs_links_hover_color":"","ocean_display_footer_widgets":"default","ocean_display_footer_bottom":"default","ocean_custom_footer_template":"","footnotes":""},"class_list":["post-48","page","type-page","status-publish","hentry","entry"],"yoast_head":"<!-- This site is optimized with the Yoast SEO plugin v26.5 - https:\/\/yoast.com\/wordpress\/plugins\/seo\/ -->\n<title>La soci\u00e9t\u00e9 Assainimax - ASSAINIMAX<\/title>\n<meta name=\"robots\" content=\"index, follow, max-snippet:-1, max-image-preview:large, max-video-preview:-1\" \/>\n<link rel=\"canonical\" href=\"http:\/\/assainimax.com\/\" \/>\n<meta property=\"og:locale\" content=\"fr_FR\" \/>\n<meta property=\"og:type\" content=\"article\" \/>\n<meta property=\"og:title\" content=\"La soci\u00e9t\u00e9 Assainimax - ASSAINIMAX\" \/>\n<meta property=\"og:description\" content=\"La soci\u00e9t\u00e9 ASSAINIMAX cr\u00e9\u00e9e en 2005 par M. Labrosse est install\u00e9e sur Carpentras et vous propose ses services dans la gestion et le traitement des nuisibles et micro-organismes nuisibles. ASSAINIMAX intervient chez les particuliers ainsi que les professionnels en respectant vos normes de qualit\u00e9 (IFS, HACCP, BIO, &#8230;) et de s\u00e9curit\u00e9. Gr\u00e2ce \u00e0 notre exp\u00e9rience [&hellip;]\" \/>\n<meta property=\"og:url\" content=\"http:\/\/assainimax.com\/\" \/>\n<meta property=\"og:site_name\" content=\"ASSAINIMAX\" \/>\n<meta property=\"article:modified_time\" content=\"2025-12-09T19:56:31+00:00\" \/>\n<meta property=\"og:image\" content=\"http:\/\/assainimax.com\/wp-content\/uploads\/2025\/02\/cs3d-150x150.png\" \/>\n<meta name=\"twitter:card\" content=\"summary_large_image\" \/>\n<meta name=\"twitter:label1\" content=\"Dur\u00e9e de lecture estim\u00e9e\" \/>\n\t<meta name=\"twitter:data1\" content=\"3 minutes\" \/>\n<script type=\"application\/ld+json\" class=\"yoast-schema-graph\">{\"@context\":\"https:\/\/schema.org\",\"@graph\":[{\"@type\":\"WebPage\",\"@id\":\"http:\/\/assainimax.com\/\",\"url\":\"http:\/\/assainimax.com\/\",\"name\":\"La soci\u00e9t\u00e9 Assainimax - ASSAINIMAX\",\"isPartOf\":{\"@id\":\"http:\/\/assainimax.com\/#website\"},\"primaryImageOfPage\":{\"@id\":\"http:\/\/assainimax.com\/#primaryimage\"},\"image\":{\"@id\":\"http:\/\/assainimax.com\/#primaryimage\"},\"thumbnailUrl\":\"http:\/\/assainimax.com\/wp-content\/uploads\/2025\/02\/cs3d-150x150.png\",\"datePublished\":\"2025-02-26T11:17:23+00:00\",\"dateModified\":\"2025-12-09T19:56:31+00:00\",\"breadcrumb\":{\"@id\":\"http:\/\/assainimax.com\/#breadcrumb\"},\"inLanguage\":\"fr-FR\",\"potentialAction\":[{\"@type\":\"ReadAction\",\"target\":[\"http:\/\/assainimax.com\/\"]}]},{\"@type\":\"ImageObject\",\"inLanguage\":\"fr-FR\",\"@id\":\"http:\/\/assainimax.com\/#primaryimage\",\"url\":\"https:\/\/assainimax.com\/wp-content\/uploads\/2025\/02\/cs3d.png\",\"contentUrl\":\"https:\/\/assainimax.com\/wp-content\/uploads\/2025\/02\/cs3d.png\",\"width\":337,\"height\":338},{\"@type\":\"BreadcrumbList\",\"@id\":\"http:\/\/assainimax.com\/#breadcrumb\",\"itemListElement\":[{\"@type\":\"ListItem\",\"position\":1,\"name\":\"Accueil\",\"item\":\"http:\/\/assainimax.com\/\"},{\"@type\":\"ListItem\",\"position\":2,\"name\":\"La soci\u00e9t\u00e9 Assainimax\"}]},{\"@type\":\"WebSite\",\"@id\":\"http:\/\/assainimax.com\/#website\",\"url\":\"http:\/\/assainimax.com\/\",\"name\":\"ASSAINIMAX\",\"description\":\"EXPERT EN MAITRISE DES NUISIBLES\",\"potentialAction\":[{\"@type\":\"SearchAction\",\"target\":{\"@type\":\"EntryPoint\",\"urlTemplate\":\"http:\/\/assainimax.com\/?s={search_term_string}\"},\"query-input\":{\"@type\":\"PropertyValueSpecification\",\"valueRequired\":true,\"valueName\":\"search_term_string\"}}],\"inLanguage\":\"fr-FR\"}]}<\/script>\n<!-- \/ Yoast SEO plugin. -->","yoast_head_json":{"title":"La soci\u00e9t\u00e9 Assainimax - ASSAINIMAX","robots":{"index":"index","follow":"follow","max-snippet":"max-snippet:-1","max-image-preview":"max-image-preview:large","max-video-preview":"max-video-preview:-1"},"canonical":"http:\/\/assainimax.com\/","og_locale":"fr_FR","og_type":"article","og_title":"La soci\u00e9t\u00e9 Assainimax - ASSAINIMAX","og_description":"La soci\u00e9t\u00e9 ASSAINIMAX cr\u00e9\u00e9e en 2005 par M. Labrosse est install\u00e9e sur Carpentras et vous propose ses services dans la gestion et le traitement des nuisibles et micro-organismes nuisibles. ASSAINIMAX intervient chez les particuliers ainsi que les professionnels en respectant vos normes de qualit\u00e9 (IFS, HACCP, BIO, &#8230;) et de s\u00e9curit\u00e9. Gr\u00e2ce \u00e0 notre exp\u00e9rience [&hellip;]","og_url":"http:\/\/assainimax.com\/","og_site_name":"ASSAINIMAX","article_modified_time":"2025-12-09T19:56:31+00:00","og_image":[{"url":"http:\/\/assainimax.com\/wp-content\/uploads\/2025\/02\/cs3d-150x150.png","type":"","width":"","height":""}],"twitter_card":"summary_large_image","twitter_misc":{"Dur\u00e9e de lecture estim\u00e9e":"3 minutes"},"schema":{"@context":"https:\/\/schema.org","@graph":[{"@type":"WebPage","@id":"http:\/\/assainimax.com\/","url":"http:\/\/assainimax.com\/","name":"La soci\u00e9t\u00e9 Assainimax - ASSAINIMAX","isPartOf":{"@id":"http:\/\/assainimax.com\/#website"},"primaryImageOfPage":{"@id":"http:\/\/assainimax.com\/#primaryimage"},"image":{"@id":"http:\/\/assainimax.com\/#primaryimage"},"thumbnailUrl":"http:\/\/assainimax.com\/wp-content\/uploads\/2025\/02\/cs3d-150x150.png","datePublished":"2025-02-26T11:17:23+00:00","dateModified":"2025-12-09T19:56:31+00:00","breadcrumb":{"@id":"http:\/\/assainimax.com\/#breadcrumb"},"inLanguage":"fr-FR","potentialAction":[{"@type":"ReadAction","target":["http:\/\/assainimax.com\/"]}]},{"@type":"ImageObject","inLanguage":"fr-FR","@id":"http:\/\/assainimax.com\/#primaryimage","url":"https:\/\/assainimax.com\/wp-content\/uploads\/2025\/02\/cs3d.png","contentUrl":"https:\/\/assainimax.com\/wp-content\/uploads\/2025\/02\/cs3d.png","width":337,"height":338},{"@type":"BreadcrumbList","@id":"http:\/\/assainimax.com\/#breadcrumb","itemListElement":[{"@type":"ListItem","position":1,"name":"Accueil","item":"http:\/\/assainimax.com\/"},{"@type":"ListItem","position":2,"name":"La soci\u00e9t\u00e9 Assainimax"}]},{"@type":"WebSite","@id":"http:\/\/assainimax.com\/#website","url":"http:\/\/assainimax.com\/","name":"ASSAINIMAX","description":"EXPERT EN MAITRISE DES NUISIBLES","potentialAction":[{"@type":"SearchAction","target":{"@type":"EntryPoint","urlTemplate":"http:\/\/assainimax.com\/?s={search_term_string}"},"query-input":{"@type":"PropertyValueSpecification","valueRequired":true,"valueName":"search_term_string"}}],"inLanguage":"fr-FR"}]}},"_links":{"self":[{"href":"https:\/\/assainimax.com\/index.php\/wp-json\/wp\/v2\/pages\/48","targetHints":{"allow":["GET"]}}],"collection":[{"href":"https:\/\/assainimax.com\/index.php\/wp-json\/wp\/v2\/pages"}],"about":[{"href":"https:\/\/assainimax.com\/index.php\/wp-json\/wp\/v2\/types\/page"}],"author":[{"embeddable":true,"href":"https:\/\/assainimax.com\/index.php\/wp-json\/wp\/v2\/users\/1"}],"replies":[{"embeddable":true,"href":"https:\/\/assainimax.com\/index.php\/wp-json\/wp\/v2\/comments?post=48"}],"version-history":[{"count":34,"href":"https:\/\/assainimax.com\/index.php\/wp-json\/wp\/v2\/pages\/48\/revisions"}],"predecessor-version":[{"id":196,"href":"https:\/\/assainimax.com\/index.php\/wp-json\/wp\/v2\/pages\/48\/revisions\/196"}],"wp:attachment":[{"href":"https:\/\/assainimax.com\/index.php\/wp-json\/wp\/v2\/media?parent=48"}],"curies":[{"name":"wp","href":"https:\/\/api.w.org\/{rel}","templated":true}]}}